{"id":2713,"date":"2023-03-02T11:26:03","date_gmt":"2023-03-02T10:26:03","guid":{"rendered":"https:\/\/seminariosigva.umh.es\/organizacion-2\/"},"modified":"2026-02-27T13:28:35","modified_gmt":"2026-02-27T12:28:35","slug":"organizacion","status":"publish","type":"page","link":"https:\/\/seminariosigva.umh.es\/ca\/organizacion\/","title":{"rendered":"ORGANIZACI\u00d3N"},"content":{"rendered":"\t\t<div data-elementor-type=\"wp-page\" data-elementor-id=\"2713\" class=\"elementor elementor-2713\" data-elementor-settings=\"[]\">\n\t\t\t\t\t\t\t<div class=\"elementor-section-wrap\">\n\t\t\t\t\t\t\t<section class=\"elementor-section elementor-top-section elementor-element elementor-element-59d20d90 elementor-section-full_width elementor-hidden-tablet elementor-hidden-phone elementor-section-height-default elementor-section-height-default\" data-id=\"59d20d90\" data-element_type=\"section\">\n\t\t\t\t\t\t<div class=\"elementor-container elementor-column-gap-default\">\n\t\t\t\t\t<div class=\"elementor-column elementor-col-50 elementor-top-column elementor-element elementor-element-67dfdb elementor-hidden-tablet elementor-hidden-phone\" data-id=\"67dfdb\" data-element_type=\"column\" data-settings=\"{&quot;background_background&quot;:&quot;classic&quot;}\">\n\t\t\t<div class=\"elementor-widget-wrap elementor-element-populated\">\n\t\t\t\t\t<div class=\"elementor-background-overlay\"><\/div>\n\t\t\t\t\t\t\t\t<div class=\"elementor-element elementor-element-9a11fa2 elementor-widget elementor-widget-heading\" data-id=\"9a11fa2\" data-element_type=\"widget\" data-widget_type=\"heading.default\">\n\t\t\t\t<div class=\"elementor-widget-container\">\n\t\t\t<h1 class=\"elementor-heading-title elementor-size-default\">SIGVA<\/h1>\t\t<\/div>\n\t\t\t\t<\/div>\n\t\t\t\t\t<\/div>\n\t\t<\/div>\n\t\t\t\t<div class=\"elementor-column elementor-col-50 elementor-top-column elementor-element elementor-element-130bebd0\" data-id=\"130bebd0\" data-element_type=\"column\">\n\t\t\t<div class=\"elementor-widget-wrap elementor-element-populated\">\n\t\t\t\t\t\t\t\t<div class=\"elementor-element elementor-element-57056017 elementor-widget elementor-widget-text-editor\" data-id=\"57056017\" data-element_type=\"widget\" data-widget_type=\"text-editor.default\">\n\t\t\t\t<div class=\"elementor-widget-container\">\n\t\t\t\t\t\t\t<h5>COMIT\u00c9 ORGANIZADOR<\/h5>\t\t\t\t\t\t<\/div>\n\t\t\t\t<\/div>\n\t\t\t\t<div class=\"elementor-element elementor-element-4e227683 elementor-widget elementor-widget-text-editor\" data-id=\"4e227683\" data-element_type=\"widget\" data-widget_type=\"text-editor.default\">\n\t\t\t\t<div class=\"elementor-widget-container\">\n\t\t\t\t\t\t\t<h2>DIRECTORES<\/h2>\t\t\t\t\t\t<\/div>\n\t\t\t\t<\/div>\n\t\t\t\t<div class=\"elementor-element elementor-element-d55ecc9 elementor-widget elementor-widget-text-editor\" data-id=\"d55ecc9\" data-element_type=\"widget\" data-widget_type=\"text-editor.default\">\n\t\t\t\t<div class=\"elementor-widget-container\">\n\t\t\t\t\t\t\t<p style=\"font-weight: 400\">Dra. Elisa Mart\u00ednez (Universidad Miguel Hern\u00e1ndez)<br>\nDr. Fernando Fern\u00e1ndez Torres (Universidad Miguel Hern\u00e1ndez)<\/p>\t\t\t\t\t\t<\/div>\n\t\t\t\t<\/div>\n\t\t\t\t<div class=\"elementor-element elementor-element-673c96cd elementor-widget elementor-widget-text-editor\" data-id=\"673c96cd\" data-element_type=\"widget\" data-widget_type=\"text-editor.default\">\n\t\t\t\t<div class=\"elementor-widget-container\">\n\t\t\t\t\t\t\t<h2>EQUIPO ORGANIZADOR:<\/h2>\t\t\t\t\t\t<\/div>\n\t\t\t\t<\/div>\n\t\t\t\t<div class=\"elementor-element elementor-element-3c7a573 elementor-widget elementor-widget-text-editor\" data-id=\"3c7a573\" data-element_type=\"widget\" data-widget_type=\"text-editor.default\">\n\t\t\t\t<div class=\"elementor-widget-container\">\n\t\t\t\t\t\t\tDra. Elisa Mart\u00ednez<br>\nDr. Fernando Fern\u00e1ndez Torres<br>\nDr. Francisco Cu\u00e9llar Santiago<br>\nDr. Mario-Paul Mart\u00ednez<br>\nDr. Fran Mateu<br>\nDr. Dami\u00e0 Jord\u00e0<br>\nFrancisco Manuel Poveda<br>\nDra. Beatriz Hig\u00f3n<br>\nDr. Javier Moreno P\u00e9rez\t\t\t\t\t\t<\/div>\n\t\t\t\t<\/div>\n\t\t\t\t\t<\/div>\n\t\t<\/div>\n\t\t\t\t\t\t\t<\/div>\n\t\t<\/section>\n\t\t\t\t<section class=\"elementor-section elementor-top-section elementor-element elementor-element-16ebb342 elementor-section-full_width elementor-hidden-desktop elementor-section-height-default elementor-section-height-default\" data-id=\"16ebb342\" data-element_type=\"section\">\n\t\t\t\t\t\t<div class=\"elementor-container elementor-column-gap-default\">\n\t\t\t\t\t<div class=\"elementor-column elementor-col-50 elementor-top-column elementor-element elementor-element-245f97bd\" data-id=\"245f97bd\" data-element_type=\"column\" data-settings=\"{&quot;background_background&quot;:&quot;classic&quot;}\">\n\t\t\t<div class=\"elementor-widget-wrap elementor-element-populated\">\n\t\t\t\t\t<div class=\"elementor-background-overlay\"><\/div>\n\t\t\t\t\t\t\t\t<div class=\"elementor-element elementor-element-716cc724 elementor-widget elementor-widget-heading\" data-id=\"716cc724\" data-element_type=\"widget\" data-widget_type=\"heading.default\">\n\t\t\t\t<div class=\"elementor-widget-container\">\n\t\t\t<h1 class=\"elementor-heading-title elementor-size-default\">SIGVA<\/h1>\t\t<\/div>\n\t\t\t\t<\/div>\n\t\t\t\t\t<\/div>\n\t\t<\/div>\n\t\t\t\t<div class=\"elementor-column elementor-col-50 elementor-top-column elementor-element elementor-element-5b5fdc95\" data-id=\"5b5fdc95\" data-element_type=\"column\">\n\t\t\t<div class=\"elementor-widget-wrap elementor-element-populated\">\n\t\t\t\t\t\t\t\t<div class=\"elementor-element elementor-element-25bc9812 elementor-widget elementor-widget-text-editor\" data-id=\"25bc9812\" data-element_type=\"widget\" data-widget_type=\"text-editor.default\">\n\t\t\t\t<div class=\"elementor-widget-container\">\n\t\t\t\t\t\t\t<h5>COMIT\u00c9 ORGANIZADOR<\/h5>\t\t\t\t\t\t<\/div>\n\t\t\t\t<\/div>\n\t\t\t\t<div class=\"elementor-element elementor-element-6a706dee elementor-widget elementor-widget-text-editor\" data-id=\"6a706dee\" data-element_type=\"widget\" data-widget_type=\"text-editor.default\">\n\t\t\t\t<div class=\"elementor-widget-container\">\n\t\t\t\t\t\t\t<h2>DIRECTORES<\/h2>\t\t\t\t\t\t<\/div>\n\t\t\t\t<\/div>\n\t\t\t\t<div class=\"elementor-element elementor-element-79ae98a3 elementor-widget elementor-widget-text-editor\" data-id=\"79ae98a3\" data-element_type=\"widget\" data-widget_type=\"text-editor.default\">\n\t\t\t\t<div class=\"elementor-widget-container\">\n\t\t\t\t\t\t\t<p>Dra. Elisa Mart\u00ednez (Universidad Miguel Hern\u00e1ndez)<\/p><p>Dr. Francisco Cu\u00e9llar Santiago (Universidad Miguel Hern\u00e1ndez)<\/p>\t\t\t\t\t\t<\/div>\n\t\t\t\t<\/div>\n\t\t\t\t<div class=\"elementor-element elementor-element-5e534a07 elementor-widget elementor-widget-text-editor\" data-id=\"5e534a07\" data-element_type=\"widget\" data-widget_type=\"text-editor.default\">\n\t\t\t\t<div class=\"elementor-widget-container\">\n\t\t\t\t\t\t\t<h2>EQUIPO ORGANIZADOR:<\/h2>\t\t\t\t\t\t<\/div>\n\t\t\t\t<\/div>\n\t\t\t\t<div class=\"elementor-element elementor-element-4569a06e elementor-widget elementor-widget-text-editor\" data-id=\"4569a06e\" data-element_type=\"widget\" data-widget_type=\"text-editor.default\">\n\t\t\t\t<div class=\"elementor-widget-container\">\n\t\t\t\t\t\t\t<p>Dra. Elisa Mart\u00ednez<br \/>Dr. Francisco Cu\u00e9llar Santiago<br \/>Dr. Mario-Paul Mart\u00ednez<br \/>Dr. Fran Mateu<br \/>Dr. Dami\u00e0 Jord\u00e0<br \/>Francisco Manuel Poveda<br \/>Dr. Vicente Javier P\u00e9rez Valero<br \/>Fernando Fern\u00e1ndez Torres<br \/>Dra. Beatriz Hig\u00f3n<br \/>Dr. Javier Moreno P\u00e9rez<\/p>\t\t\t\t\t\t<\/div>\n\t\t\t\t<\/div>\n\t\t\t\t\t<\/div>\n\t\t<\/div>\n\t\t\t\t\t\t\t<\/div>\n\t\t<\/section>\n\t\t\t\t<section class=\"elementor-section elementor-top-section elementor-element elementor-element-5bc40d77 elementor-section-full_width elementor-hidden-tablet elementor-hidden-phone elementor-section-height-default elementor-section-height-default\" data-id=\"5bc40d77\" data-element_type=\"section\">\n\t\t\t\t\t\t<div class=\"elementor-container elementor-column-gap-default\">\n\t\t\t\t\t<div class=\"elementor-column elementor-col-50 elementor-top-column elementor-element elementor-element-4da5e892\" data-id=\"4da5e892\" data-element_type=\"column\">\n\t\t\t<div class=\"elementor-widget-wrap elementor-element-populated\">\n\t\t\t\t\t\t\t\t<div class=\"elementor-element elementor-element-22a70857 elementor-widget elementor-widget-text-editor\" data-id=\"22a70857\" data-element_type=\"widget\" data-widget_type=\"text-editor.default\">\n\t\t\t\t<div class=\"elementor-widget-container\">\n\t\t\t\t\t\t\t<h5>COMIT\u00c9 CIENT\u00cdFICO<\/h5>\t\t\t\t\t\t<\/div>\n\t\t\t\t<\/div>\n\t\t\t\t<div class=\"elementor-element elementor-element-7f4f68e5 elementor-widget elementor-widget-text-editor\" data-id=\"7f4f68e5\" data-element_type=\"widget\" data-widget_type=\"text-editor.default\">\n\t\t\t\t<div class=\"elementor-widget-container\">\n\t\t\t\t\t\t\t<h2>PRESIDENTES<\/h2>\t\t\t\t\t\t<\/div>\n\t\t\t\t<\/div>\n\t\t\t\t<div class=\"elementor-element elementor-element-65d8b486 elementor-widget elementor-widget-text-editor\" data-id=\"65d8b486\" data-element_type=\"widget\" data-widget_type=\"text-editor.default\">\n\t\t\t\t<div class=\"elementor-widget-container\">\n\t\t\t\t\t\t\t<p style=\"font-weight: 400\">Dr. Dami\u00e0 Jord\u00e0<\/p>\t\t\t\t\t\t<\/div>\n\t\t\t\t<\/div>\n\t\t\t\t<div class=\"elementor-element elementor-element-3fac1ff0 elementor-widget elementor-widget-text-editor\" data-id=\"3fac1ff0\" data-element_type=\"widget\" data-widget_type=\"text-editor.default\">\n\t\t\t\t<div class=\"elementor-widget-container\">\n\t\t\t\t\t\t\t<h2>MIEMBROS<\/h2>\t\t\t\t\t\t<\/div>\n\t\t\t\t<\/div>\n\t\t\t\t<div class=\"elementor-element elementor-element-27134520 elementor-widget elementor-widget-text-editor\" data-id=\"27134520\" data-element_type=\"widget\" data-widget_type=\"text-editor.default\">\n\t\t\t\t<div class=\"elementor-widget-container\">\n\t\t\t\t\t\t\t<p style=\"font-weight: 400\">Dr. Mario-Paul Mart\u00ednez (Universidad Miguel Hern\u00e1ndez)<br \/>Dr. Fran Mateu (Universidad Miguel Hern\u00e1ndez)<br \/>Dr. Francisco Cu\u00e9llar Santiago (Universidad de Salamanca)<br \/>Dra. Mar\u00eda Jos\u00e9 Zan\u00f3n Cuenca (Universidad Miguel Hern\u00e1ndez)<br \/>Dra. Amparo Alepuz Rostoll (Universidad Miguel Hern\u00e1ndez)<br \/>Dr. Juan Fco. Mart\u00ednez G\u00f3mez de Albacete (Universidad Miguel Hern\u00e1ndez)<br \/>Dra. Imma Mengual P\u00e9rez (Universidad Miguel Hern\u00e1ndez)<br \/>Dra. Lourdes Santamar\u00eda Blasco (Universidad Miguel Hern\u00e1ndez)<br \/>Dra. Elia Torrecilla Pati\u00f1o (Universidad Miguel Hern\u00e1ndez)<br \/>Dra. Pilar Viviente Sol\u00e9 (Universidad Miguel Hern\u00e1ndez)<br \/>Dra. Patricia Prieto Blanco (University of Brighton)<br \/>Dr. Jos\u00e9 Rovira Collado (Universidad de Alicante)<br \/>Dra. Carmen G. Muriana (Universidad Miguel Hern\u00e1ndez)<br \/>Dr. Jorge Gil Rodrig\u00e1lvarez (Universidad de Salamanca)<br \/>Dra. Ver\u00f3nica Navarro Navarro (Universidad de Salamanca)<br \/>Dra. Beatriz Castela Santano (Universidad de Salamanca)<br \/>Dra. Susana Guerrero Sempere (Universidad Miguel Hern\u00e1ndez)<br \/>Dr. Guillermo L\u00f3pez Aliaga (Universidad Miguel Hern\u00e1ndez)<br \/>Pablo Riquelme Cuartero (San Francisco State University)<\/p>\t\t\t\t\t\t<\/div>\n\t\t\t\t<\/div>\n\t\t\t\t\t<\/div>\n\t\t<\/div>\n\t\t\t\t<div class=\"elementor-column elementor-col-50 elementor-top-column elementor-element elementor-element-2fb9803c\" data-id=\"2fb9803c\" data-element_type=\"column\" data-settings=\"{&quot;background_background&quot;:&quot;classic&quot;}\">\n\t\t\t<div class=\"elementor-widget-wrap elementor-element-populated\">\n\t\t\t\t\t<div class=\"elementor-background-overlay\"><\/div>\n\t\t\t\t\t\t\t\t<div class=\"elementor-element elementor-element-2d2da00 elementor-widget elementor-widget-heading\" data-id=\"2d2da00\" data-element_type=\"widget\" data-widget_type=\"heading.default\">\n\t\t\t\t<div class=\"elementor-widget-container\">\n\t\t\t<h1 class=\"elementor-heading-title elementor-size-default\">SEMINARIO INTERNACIONAL DE GR\u00c1FICA VISUAL Y ANIMACI\u00d3N<\/h1>\t\t<\/div>\n\t\t\t\t<\/div>\n\t\t\t\t\t<\/div>\n\t\t<\/div>\n\t\t\t\t\t\t\t<\/div>\n\t\t<\/section>\n\t\t\t\t<section class=\"elementor-section elementor-top-section elementor-element elementor-element-4ce4e5c8 elementor-section-full_width elementor-hidden-desktop elementor-section-height-default elementor-section-height-default\" data-id=\"4ce4e5c8\" data-element_type=\"section\">\n\t\t\t\t\t\t<div class=\"elementor-container elementor-column-gap-default\">\n\t\t\t\t\t<div class=\"elementor-column elementor-col-50 elementor-top-column elementor-element elementor-element-63fc583f\" data-id=\"63fc583f\" data-element_type=\"column\" data-settings=\"{&quot;background_background&quot;:&quot;classic&quot;}\">\n\t\t\t<div class=\"elementor-widget-wrap elementor-element-populated\">\n\t\t\t\t\t<div class=\"elementor-background-overlay\"><\/div>\n\t\t\t\t\t\t\t\t<div class=\"elementor-element elementor-element-a500ab6 elementor-widget elementor-widget-heading\" data-id=\"a500ab6\" data-element_type=\"widget\" data-widget_type=\"heading.default\">\n\t\t\t\t<div class=\"elementor-widget-container\">\n\t\t\t<h1 class=\"elementor-heading-title elementor-size-default\">SEMINARIO INTERNACIONAL DE GR\u00c1FICA VISUAL Y ANIMACI\u00d3N<\/h1>\t\t<\/div>\n\t\t\t\t<\/div>\n\t\t\t\t\t<\/div>\n\t\t<\/div>\n\t\t\t\t<div class=\"elementor-column elementor-col-50 elementor-top-column elementor-element elementor-element-55311714\" data-id=\"55311714\" data-element_type=\"column\">\n\t\t\t<div class=\"elementor-widget-wrap elementor-element-populated\">\n\t\t\t\t\t\t\t\t<div class=\"elementor-element elementor-element-3f91c0f9 elementor-widget elementor-widget-text-editor\" data-id=\"3f91c0f9\" data-element_type=\"widget\" data-widget_type=\"text-editor.default\">\n\t\t\t\t<div class=\"elementor-widget-container\">\n\t\t\t\t\t\t\t<h5>COMIT\u00c9 CIENT\u00cdFICO<\/h5>\t\t\t\t\t\t<\/div>\n\t\t\t\t<\/div>\n\t\t\t\t<div class=\"elementor-element elementor-element-71d7ac29 elementor-widget elementor-widget-text-editor\" data-id=\"71d7ac29\" data-element_type=\"widget\" data-widget_type=\"text-editor.default\">\n\t\t\t\t<div class=\"elementor-widget-container\">\n\t\t\t\t\t\t\t<h2>PRESIDENTES<\/h2>\t\t\t\t\t\t<\/div>\n\t\t\t\t<\/div>\n\t\t\t\t<div class=\"elementor-element elementor-element-51adeb0b elementor-widget elementor-widget-text-editor\" data-id=\"51adeb0b\" data-element_type=\"widget\" data-widget_type=\"text-editor.default\">\n\t\t\t\t<div class=\"elementor-widget-container\">\n\t\t\t\t\t\t\t<p>Dr. Mario-Paul Mart\u00ednez (Universidad Miguel Hern\u00e1ndez)<\/p><p>Dr. Fran Mateu (Universidad Miguel Hern\u00e1ndez)<\/p>\t\t\t\t\t\t<\/div>\n\t\t\t\t<\/div>\n\t\t\t\t<div class=\"elementor-element elementor-element-4461c818 elementor-widget elementor-widget-text-editor\" data-id=\"4461c818\" data-element_type=\"widget\" data-widget_type=\"text-editor.default\">\n\t\t\t\t<div class=\"elementor-widget-container\">\n\t\t\t\t\t\t\t<h2>MIEMBROS<\/h2>\t\t\t\t\t\t<\/div>\n\t\t\t\t<\/div>\n\t\t\t\t<div class=\"elementor-element elementor-element-558f8fe3 elementor-widget elementor-widget-text-editor\" data-id=\"558f8fe3\" data-element_type=\"widget\" data-widget_type=\"text-editor.default\">\n\t\t\t\t<div class=\"elementor-widget-container\">\n\t\t\t\t\t\t\t<p>Dra. Mar\u00eda Jos\u00e9 Zan\u00f3n Cuenca (Universidad Miguel Hern\u00e1ndez)<br \/>Dra. Amparo Alepuz Rostoll (Universidad Miguel Hern\u00e1ndez)<br \/>Dr. Juan Fco. Mart\u00ednez G\u00f3mez de Albacete (Universidad Miguel Hern\u00e1ndez)<br \/>Dra. Imma Mengual P\u00e9rez (Universidad Miguel Hern\u00e1ndez)<br \/>Dra. Lourdes Santamar\u00eda Blasco (Universidad Miguel Hern\u00e1ndez)<br \/>Dra. Elia Torrecilla Pati\u00f1o (Universidad Miguel Hern\u00e1ndez)<br \/>Dra. Pilar Viviente Sol\u00e9 (Universidad Miguel Hern\u00e1ndez)<br \/>Dra. Patricia Prieto Blanco (University of Brighton)<br \/>Dr.\u00a0 Jos\u00e9 Rovira Collado (Universidad de Alicante)<br \/>Dr. Vicente Javier P\u00e9rez Valero (Universidad Miguel Hern\u00e1ndez)<br \/>Dr. Dami\u00e0 Jord\u00e0 (Universidad Miguel Hern\u00e1ndez)<br \/>Dra. Carmen G. Muriana (Universidad Miguel Hern\u00e1ndez)<br \/>Dr. Jorge Gil Rodrig\u00e1lvarez (Universidad de Salamanca)<br \/>Dra. Ver\u00f3nica Navarro Navarro (Universidad de Salamanca)<br \/>Dra. Susana Guerrero Sempere (Universidad Miguel Hern\u00e1ndez)<br \/>Pablo Riquelme Cuartero (San Francisco State University)<\/p>\t\t\t\t\t\t<\/div>\n\t\t\t\t<\/div>\n\t\t\t\t\t<\/div>\n\t\t<\/div>\n\t\t\t\t\t\t\t<\/div>\n\t\t<\/section>\n\t\t\t\t<section class=\"elementor-section elementor-top-section elementor-element elementor-element-4a220871 elementor-section-boxed elementor-section-height-default elementor-section-height-default\" data-id=\"4a220871\" data-element_type=\"section\">\n\t\t\t\t\t\t<div class=\"elementor-container elementor-column-gap-default\">\n\t\t\t\t\t<div class=\"elementor-column elementor-col-100 elementor-top-column elementor-element elementor-element-6bca39f4\" data-id=\"6bca39f4\" data-element_type=\"column\">\n\t\t\t<div class=\"elementor-widget-wrap elementor-element-populated\">\n\t\t\t\t\t\t\t\t<div class=\"elementor-element elementor-element-18057e8 elementor-widget elementor-widget-image\" data-id=\"18057e8\" data-element_type=\"widget\" data-widget_type=\"image.default\">\n\t\t\t\t<div class=\"elementor-widget-container\">\n\t\t\t\t\t\t\t\t\t\t\t\t\t\t\t<img width=\"768\" height=\"112\" src=\"https:\/\/seminariosigva.umh.es\/files\/revslider\/focus-parallax\/logos-SIGVA-768x112.png\" class=\"attachment-medium_large size-medium_large\" alt=\"\" loading=\"lazy\" \/>\t\t\t\t\t\t\t\t\t\t\t\t\t\t\t<\/div>\n\t\t\t\t<\/div>\n\t\t\t\t\t<\/div>\n\t\t<\/div>\n\t\t\t\t\t\t\t<\/div>\n\t\t<\/section>\n\t\t\t\t\t\t<\/div>\n\t\t\t\t\t<\/div>\n\t\t","protected":false},"excerpt":{"rendered":"<p>SIGVA<br \/>\nCOMIT\u00c9 ORGANIZADOR<br \/>\nDIRECTORES<br \/>\nDra. Elisa Mart\u00ednez (Universidad Miguel Hern\u00e1ndez)<br \/>\nDr. Fernando Fern\u00e1ndez Torres (Universidad Miguel Hern\u00e1ndez)<br \/>\nEQUIPO ORGANIZADOR:<br \/>\nDra. Elisa Mart\u00ednez<br \/>\nDr. Fernando Fern\u00e1ndez Torres<br \/>\nDr. Francisco Cu\u00e9llar Santiago<br \/>\nDr. Mario-Paul Mart\u00ednez<br \/>\nDr. Fran Mateu<br \/>\nDr. Dami\u00e0 Jord\u00e0<br \/>\nFrancisco Manuel Poveda<br \/>\nDra. Beatriz Hig\u00f3n<br \/>\nDr. Javier Moreno P\u00e9rez<br \/>\nSIGVA<br \/>\nCOMIT\u00c9 ORGANIZADOR<br \/>\nDIRECTORES<br \/>\nDra. Elisa Mart\u00ednez (Universidad Miguel Hern\u00e1ndez)<br \/>\nDr. Francisco Cu\u00e9llar Santiago (Universidad Miguel Hern\u00e1ndez)<br \/>\nEQUIPO ORGANIZADOR:<br \/>\nDra. Elisa Mart\u00ednezDr. Francisco Cu\u00e9llar SantiagoDr. Mario-Paul Mart\u00ednezDr. [&#8230;]<\/p>\n","protected":false},"author":5001,"featured_media":0,"parent":0,"menu_order":0,"comment_status":"closed","ping_status":"closed","template":"elementor_header_footer","meta":{"_et_pb_use_builder":"","_et_pb_old_content":"","_et_gb_content_width":"","_links_to":"","_links_to_target":""},"_links":{"self":[{"href":"https:\/\/seminariosigva.umh.es\/ca\/wp-json\/wp\/v2\/pages\/2713"}],"collection":[{"href":"https:\/\/seminariosigva.umh.es\/ca\/wp-json\/wp\/v2\/pages"}],"about":[{"href":"https:\/\/seminariosigva.umh.es\/ca\/wp-json\/wp\/v2\/types\/page"}],"author":[{"embeddable":true,"href":"https:\/\/seminariosigva.umh.es\/ca\/wp-json\/wp\/v2\/users\/5001"}],"replies":[{"embeddable":true,"href":"https:\/\/seminariosigva.umh.es\/ca\/wp-json\/wp\/v2\/comments?post=2713"}],"version-history":[{"count":0,"href":"https:\/\/seminariosigva.umh.es\/ca\/wp-json\/wp\/v2\/pages\/2713\/revisions"}],"wp:attachment":[{"href":"https:\/\/seminariosigva.umh.es\/ca\/wp-json\/wp\/v2\/media?parent=2713"}],"curies":[{"name":"wp","href":"https:\/\/api.w.org\/{rel}","templated":true}]}}