{"id":2710,"date":"2023-03-02T11:26:02","date_gmt":"2023-03-02T10:26:02","guid":{"rendered":"https:\/\/seminariosigva.umh.es\/ponentes-2\/"},"modified":"2026-02-27T13:35:49","modified_gmt":"2026-02-27T12:35:49","slug":"ponentes","status":"publish","type":"page","link":"https:\/\/seminariosigva.umh.es\/ca\/ponentes\/","title":{"rendered":"PONENTES"},"content":{"rendered":"\t\t<div data-elementor-type=\"wp-page\" data-elementor-id=\"2710\" class=\"elementor elementor-2710\" data-elementor-settings=\"[]\">\n\t\t\t\t\t\t\t<div class=\"elementor-section-wrap\">\n\t\t\t\t\t\t\t<section class=\"elementor-section elementor-top-section elementor-element elementor-element-38d3d30b elementor-section-boxed elementor-section-height-default elementor-section-height-default\" data-id=\"38d3d30b\" data-element_type=\"section\" id=\"next\">\n\t\t\t\t\t\t<div class=\"elementor-container elementor-column-gap-no\">\n\t\t\t\t\t<div class=\"elementor-column elementor-col-100 elementor-top-column elementor-element elementor-element-393ff8af\" data-id=\"393ff8af\" data-element_type=\"column\">\n\t\t\t<div class=\"elementor-widget-wrap elementor-element-populated\">\n\t\t\t\t\t\t\t\t<div class=\"elementor-element elementor-element-a2fc2ae elementor-widget elementor-widget-spacer\" data-id=\"a2fc2ae\" data-element_type=\"widget\" data-widget_type=\"spacer.default\">\n\t\t\t\t<div class=\"elementor-widget-container\">\n\t\t\t\t\t<div class=\"elementor-spacer\">\n\t\t\t<div class=\"elementor-spacer-inner\"><\/div>\n\t\t<\/div>\n\t\t\t\t<\/div>\n\t\t\t\t<\/div>\n\t\t\t\t<div class=\"elementor-element elementor-element-7339ea9 elementor-widget elementor-widget-heading\" data-id=\"7339ea9\" data-element_type=\"widget\" data-widget_type=\"heading.default\">\n\t\t\t\t<div class=\"elementor-widget-container\">\n\t\t\t<h3 class=\"elementor-heading-title elementor-size-default\">Ponentes<\/h3>\t\t<\/div>\n\t\t\t\t<\/div>\n\t\t\t\t<section class=\"elementor-section elementor-inner-section elementor-element elementor-element-4fc651df elementor-section-full_width elementor-section-height-default elementor-section-height-default\" data-id=\"4fc651df\" data-element_type=\"section\">\n\t\t\t\t\t\t<div class=\"elementor-container elementor-column-gap-no\">\n\t\t\t\t\t<div class=\"elementor-column elementor-col-50 elementor-inner-column elementor-element elementor-element-64b424c7\" data-id=\"64b424c7\" data-element_type=\"column\">\n\t\t\t<div class=\"elementor-widget-wrap elementor-element-populated\">\n\t\t\t\t\t\t\t\t<div class=\"elementor-element elementor-element-4f505cc7 elementor-position-top elementor-vertical-align-top elementor-widget elementor-widget-image-box\" data-id=\"4f505cc7\" data-element_type=\"widget\" data-widget_type=\"image-box.default\">\n\t\t\t\t<div class=\"elementor-widget-container\">\n\t\t\t<div class=\"elementor-image-box-wrapper\"><figure class=\"elementor-image-box-img\"><a href=\"https:\/\/www.liriosbou.com\/\"><img src=\"https:\/\/seminariosigva.umh.es\/files\/elementor\/thumbs\/Carla-Pereira-rjrrvsy2ufnb98qn5mu88cgys4p4g3248o6jti279c.jpg\" title=\"Carla Pereira\" alt=\"Carla Pereira\" class=\"elementor-animation-grow\" \/><\/a><\/figure><div class=\"elementor-image-box-content\"><h4 class=\"elementor-image-box-title\"><a href=\"https:\/\/www.liriosbou.com\/\">CARLA PEREIRA<\/a><\/h4><\/div><\/div>\t\t<\/div>\n\t\t\t\t<\/div>\n\t\t\t\t<div class=\"elementor-element elementor-element-45bcb95 elementor-widget elementor-widget-accordion\" data-id=\"45bcb95\" data-element_type=\"widget\" data-widget_type=\"accordion.default\">\n\t\t\t\t<div class=\"elementor-widget-container\">\n\t\t\t\t\t<div class=\"elementor-accordion\" role=\"tablist\">\n\t\t\t\t\t\t\t<div class=\"elementor-accordion-item\">\n\t\t\t\t\t<div id=\"elementor-tab-title-7311\" class=\"elementor-tab-title\" data-tab=\"1\" role=\"tab\" aria-controls=\"elementor-tab-content-7311\" aria-expanded=\"false\">\n\t\t\t\t\t\t\t\t\t\t\t\t\t<span class=\"elementor-accordion-icon elementor-accordion-icon-left\" aria-hidden=\"true\">\n\t\t\t\t\t\t\t\t\t\t\t\t\t\t\t<span class=\"elementor-accordion-icon-closed\"><i class=\"fas fa-plus\"><\/i><\/span>\n\t\t\t\t\t\t\t\t<span class=\"elementor-accordion-icon-opened\"><i class=\"fas fa-minus\"><\/i><\/span>\n\t\t\t\t\t\t\t\t\t\t\t\t\t\t<\/span>\n\t\t\t\t\t\t\t\t\t\t\t\t<a class=\"elementor-accordion-title\" href=\"\">Biograf\u00eda<\/a>\n\t\t\t\t\t<\/div>\n\t\t\t\t\t<div id=\"elementor-tab-content-7311\" class=\"elementor-tab-content elementor-clearfix\" data-tab=\"1\" role=\"tabpanel\" aria-labelledby=\"elementor-tab-title-7311\"><p style=\"font-weight: 400\">Carla Pereira es directora y animadora stop-motion, modelmaker, dise\u00f1adora de personajes y guionista. Cuenta con casi 15 a\u00f1os de experiencia trabajando como animadora stop motion en diversas producciones internacionales, incluyendo series, cortometrajes y pel\u00edculas, entre ellos la nominada al Oscar <em>Isla de Perros<\/em>, de Wes Anderson.<\/p><p style=\"font-weight: 400\">Como cineasta, ha co-dirigido los cortometrajes <em>Metamorfosis<\/em> y <em>Todo est\u00e1 perdido<\/em>, y en solitario el corto <em>Proceso de selecci\u00f3n<\/em>. Los tres nominados a los Premios Goya y seleccionados en festivales de prestigio internacional como Annecy, Cannes, Sitges o Clermont-Ferrand.<\/p><p style=\"font-weight: 400\">Recientemente, ha finalizado la producci\u00f3n de su \u00faltimo corto de stop-motion,<em> Algo en la casa<\/em>, en el que ha ejercido como directora y productor<em>a.<\/em><\/p><p style=\"font-weight: 400\"><em>\u00a0<\/em><\/p><p style=\"font-weight: 400\">REEL <a href=\"https:\/\/vimeo.com\/1154782462?fl=pl&amp;fe=vl\">https:\/\/vimeo.com\/1154782462?fl=pl&amp;fe=vl<\/a><\/p><p style=\"font-weight: 400\">WEB <a href=\"https:\/\/sites.google.com\/engranaje.es\/carlaprotozoo\/menu\">https:\/\/sites.google.com\/engranaje.es\/carlaprotozoo\/menu<\/a><\/p><\/div>\n\t\t\t\t<\/div>\n\t\t\t\t\t\t\t\t<\/div>\n\t\t\t\t<\/div>\n\t\t\t\t<\/div>\n\t\t\t\t\t<\/div>\n\t\t<\/div>\n\t\t\t\t<div class=\"elementor-column elementor-col-50 elementor-inner-column elementor-element elementor-element-5f2cd068\" data-id=\"5f2cd068\" data-element_type=\"column\">\n\t\t\t<div class=\"elementor-widget-wrap elementor-element-populated\">\n\t\t\t\t\t\t\t\t<div class=\"elementor-element elementor-element-27f455c1 elementor-position-top elementor-vertical-align-top elementor-widget elementor-widget-image-box\" data-id=\"27f455c1\" data-element_type=\"widget\" data-widget_type=\"image-box.default\">\n\t\t\t\t<div class=\"elementor-widget-container\">\n\t\t\t<div class=\"elementor-image-box-wrapper\"><figure class=\"elementor-image-box-img\"><a href=\"http:\/\/javigarciaherrero.blogspot.com\/\"><img src=\"https:\/\/seminariosigva.umh.es\/files\/elementor\/thumbs\/Pau-Valls-rjrrvxn9sltqvajte6vd2ta9r21yikkrxbfz7vv8e8.jpg\" title=\"Pau Valls\" alt=\"Pau Valls\" class=\"elementor-animation-grow\" \/><\/a><\/figure><div class=\"elementor-image-box-content\"><h4 class=\"elementor-image-box-title\"><a href=\"http:\/\/javigarciaherrero.blogspot.com\/\">PAU VALLS<\/a><\/h4><\/div><\/div>\t\t<\/div>\n\t\t\t\t<\/div>\n\t\t\t\t<div class=\"elementor-element elementor-element-b7f8e1c elementor-widget elementor-widget-accordion\" data-id=\"b7f8e1c\" data-element_type=\"widget\" data-widget_type=\"accordion.default\">\n\t\t\t\t<div class=\"elementor-widget-container\">\n\t\t\t\t\t<div class=\"elementor-accordion\" role=\"tablist\">\n\t\t\t\t\t\t\t<div class=\"elementor-accordion-item\">\n\t\t\t\t\t<div id=\"elementor-tab-title-1921\" class=\"elementor-tab-title\" data-tab=\"1\" role=\"tab\" aria-controls=\"elementor-tab-content-1921\" aria-expanded=\"false\">\n\t\t\t\t\t\t\t\t\t\t\t\t\t<span class=\"elementor-accordion-icon elementor-accordion-icon-left\" aria-hidden=\"true\">\n\t\t\t\t\t\t\t\t\t\t\t\t\t\t\t<span class=\"elementor-accordion-icon-closed\"><i class=\"fas fa-plus\"><\/i><\/span>\n\t\t\t\t\t\t\t\t<span class=\"elementor-accordion-icon-opened\"><i class=\"fas fa-minus\"><\/i><\/span>\n\t\t\t\t\t\t\t\t\t\t\t\t\t\t<\/span>\n\t\t\t\t\t\t\t\t\t\t\t\t<a class=\"elementor-accordion-title\" href=\"\">Biograf\u00eda<\/a>\n\t\t\t\t\t<\/div>\n\t\t\t\t\t<div id=\"elementor-tab-content-1921\" class=\"elementor-tab-content elementor-clearfix\" data-tab=\"1\" role=\"tabpanel\" aria-labelledby=\"elementor-tab-title-1921\"><p style=\"font-weight: 400\">Pau Valls (Alcoy, 1985) inici\u00f3 sus estudios de ilustraci\u00f3n en <em>l\u2019Escola d\u2019Art i Superior de Disseny d\u2019Alcoi<\/em>, y posteriormente se licenci\u00f3 en Bellas Artes en la Universidad Polit\u00e9cnica de Val\u00e8ncia.<\/p><p style=\"font-weight: 400\">Ilustra para p\u00fablico infantil y adulto en diferentes medios como libros, revistas, prensa, carteler\u00eda o publicidad. Ha trabajado para clientes como <em>El Pa\u00eds, Forbes, Penguin Random House<\/em> o <em>Blackie Books<\/em>.<\/p><p style=\"font-weight: 400\">Recientemente ha publicado <em>La cita<\/em> (Editorial Finestres), su primera novela gr\u00e1fica.<\/p><p style=\"font-weight: 400\">\u00a0<\/p><p style=\"font-weight: 400\">WEB: <a href=\"https:\/\/pauvalls.net\/\">https:\/\/pauvalls.net\/<\/a><\/p><p>\u00a0<\/p><\/div>\n\t\t\t\t<\/div>\n\t\t\t\t\t\t\t\t<\/div>\n\t\t\t\t<\/div>\n\t\t\t\t<\/div>\n\t\t\t\t\t<\/div>\n\t\t<\/div>\n\t\t\t\t\t\t\t<\/div>\n\t\t<\/section>\n\t\t\t\t\t<\/div>\n\t\t<\/div>\n\t\t\t\t\t\t\t<\/div>\n\t\t<\/section>\n\t\t\t\t<section class=\"elementor-section elementor-top-section elementor-element elementor-element-6418a8a5 elementor-section-boxed elementor-section-height-default elementor-section-height-default\" data-id=\"6418a8a5\" data-element_type=\"section\">\n\t\t\t\t\t\t<div class=\"elementor-container elementor-column-gap-default\">\n\t\t\t\t\t<div class=\"elementor-column elementor-col-100 elementor-top-column elementor-element elementor-element-55044494\" data-id=\"55044494\" data-element_type=\"column\">\n\t\t\t<div class=\"elementor-widget-wrap elementor-element-populated\">\n\t\t\t\t\t\t\t\t<div class=\"elementor-element elementor-element-47b6b160 elementor-widget elementor-widget-image\" data-id=\"47b6b160\" data-element_type=\"widget\" data-widget_type=\"image.default\">\n\t\t\t\t<div class=\"elementor-widget-container\">\n\t\t\t\t\t\t\t\t\t\t\t\t\t\t\t<img width=\"768\" height=\"112\" src=\"https:\/\/seminariosigva.umh.es\/files\/revslider\/focus-parallax\/logos-SIGVA-768x112.png\" class=\"attachment-medium_large size-medium_large\" alt=\"\" loading=\"lazy\" \/>\t\t\t\t\t\t\t\t\t\t\t\t\t\t\t<\/div>\n\t\t\t\t<\/div>\n\t\t\t\t\t<\/div>\n\t\t<\/div>\n\t\t\t\t\t\t\t<\/div>\n\t\t<\/section>\n\t\t\t\t\t\t<\/div>\n\t\t\t\t\t<\/div>\n\t\t","protected":false},"excerpt":{"rendered":"<p>  jQuery(document).ready(function($) {  var delay = 100; setTimeout(function() {  $(&#8216;.elementor-tab-title&#8217;).removeClass(&#8216;elementor-active&#8217;);  $(&#8216;.elementor-tab-content&#8217;).css(&#8216;display&#8217;, &#8216;none&#8217;); }, delay);  });  <\/p>\n","protected":false},"author":5001,"featured_media":0,"parent":0,"menu_order":0,"comment_status":"closed","ping_status":"closed","template":"elementor_header_footer","meta":{"_et_pb_use_builder":"","_et_pb_old_content":"","_et_gb_content_width":"","_links_to":"","_links_to_target":""},"_links":{"self":[{"href":"https:\/\/seminariosigva.umh.es\/ca\/wp-json\/wp\/v2\/pages\/2710"}],"collection":[{"href":"https:\/\/seminariosigva.umh.es\/ca\/wp-json\/wp\/v2\/pages"}],"about":[{"href":"https:\/\/seminariosigva.umh.es\/ca\/wp-json\/wp\/v2\/types\/page"}],"author":[{"embeddable":true,"href":"https:\/\/seminariosigva.umh.es\/ca\/wp-json\/wp\/v2\/users\/5001"}],"replies":[{"embeddable":true,"href":"https:\/\/seminariosigva.umh.es\/ca\/wp-json\/wp\/v2\/comments?post=2710"}],"version-history":[{"count":0,"href":"https:\/\/seminariosigva.umh.es\/ca\/wp-json\/wp\/v2\/pages\/2710\/revisions"}],"wp:attachment":[{"href":"https:\/\/seminariosigva.umh.es\/ca\/wp-json\/wp\/v2\/media?parent=2710"}],"curies":[{"name":"wp","href":"https:\/\/api.w.org\/{rel}","templated":true}]}}