{"id":2698,"date":"2023-03-02T11:26:00","date_gmt":"2023-03-02T10:26:00","guid":{"rendered":"https:\/\/seminariosigva.umh.es\/presentacion-3\/"},"modified":"2025-03-18T18:05:44","modified_gmt":"2025-03-18T17:05:44","slug":"presentacion","status":"publish","type":"page","link":"https:\/\/seminariosigva.umh.es\/ca\/presentacion\/","title":{"rendered":"PRESENTACI\u00d3N"},"content":{"rendered":"\t\t<div data-elementor-type=\"wp-page\" data-elementor-id=\"2698\" class=\"elementor elementor-2698\" data-elementor-settings=\"[]\">\n\t\t\t\t\t\t\t<div class=\"elementor-section-wrap\">\n\t\t\t\t\t\t\t<section class=\"elementor-section elementor-top-section elementor-element elementor-element-31b09603 elementor-hidden-tablet elementor-hidden-phone elementor-section-boxed elementor-section-height-default elementor-section-height-default\" data-id=\"31b09603\" data-element_type=\"section\">\n\t\t\t\t\t\t<div class=\"elementor-container elementor-column-gap-default\">\n\t\t\t\t\t<div class=\"elementor-column elementor-col-100 elementor-top-column elementor-element elementor-element-6150ec06\" data-id=\"6150ec06\" data-element_type=\"column\">\n\t\t\t<div class=\"elementor-widget-wrap elementor-element-populated\">\n\t\t\t\t\t\t\t\t<div class=\"elementor-element elementor-element-7e1628ba elementor-widget elementor-widget-spacer\" data-id=\"7e1628ba\" data-element_type=\"widget\" data-widget_type=\"spacer.default\">\n\t\t\t\t<div class=\"elementor-widget-container\">\n\t\t\t\t\t<div class=\"elementor-spacer\">\n\t\t\t<div class=\"elementor-spacer-inner\"><\/div>\n\t\t<\/div>\n\t\t\t\t<\/div>\n\t\t\t\t<\/div>\n\t\t\t\t<div class=\"elementor-element elementor-element-65284ef1 elementor-hidden-tablet elementor-hidden-phone elementor-widget elementor-widget-heading\" data-id=\"65284ef1\" data-element_type=\"widget\" data-widget_type=\"heading.default\">\n\t\t\t\t<div class=\"elementor-widget-container\">\n\t\t\t<h1 class=\"elementor-heading-title elementor-size-default\">Seminario Internacional <br>de \nGr\u00e1fica Visual y Animaci\u00f3n (SIGVA)<\/h1>\t\t<\/div>\n\t\t\t\t<\/div>\n\t\t\t\t\t<\/div>\n\t\t<\/div>\n\t\t\t\t\t\t\t<\/div>\n\t\t<\/section>\n\t\t\t\t<section class=\"elementor-section elementor-top-section elementor-element elementor-element-1035a75f elementor-hidden-tablet elementor-hidden-phone elementor-section-boxed elementor-section-height-default elementor-section-height-default\" data-id=\"1035a75f\" data-element_type=\"section\">\n\t\t\t\t\t\t<div class=\"elementor-container elementor-column-gap-default\">\n\t\t\t\t\t<div class=\"elementor-column elementor-col-100 elementor-top-column elementor-element elementor-element-21889227\" data-id=\"21889227\" data-element_type=\"column\" data-settings=\"{&quot;background_background&quot;:&quot;classic&quot;}\">\n\t\t\t<div class=\"elementor-widget-wrap elementor-element-populated\">\n\t\t\t\t\t<div class=\"elementor-background-overlay\"><\/div>\n\t\t\t\t\t\t\t\t<div class=\"elementor-element elementor-element-701ccd39 elementor-widget elementor-widget-spacer\" data-id=\"701ccd39\" data-element_type=\"widget\" data-widget_type=\"spacer.default\">\n\t\t\t\t<div class=\"elementor-widget-container\">\n\t\t\t\t\t<div class=\"elementor-spacer\">\n\t\t\t<div class=\"elementor-spacer-inner\"><\/div>\n\t\t<\/div>\n\t\t\t\t<\/div>\n\t\t\t\t<\/div>\n\t\t\t\t<div class=\"elementor-element elementor-element-865187d elementor-widget elementor-widget-text-editor\" data-id=\"865187d\" data-element_type=\"widget\" data-widget_type=\"text-editor.default\">\n\t\t\t\t<div class=\"elementor-widget-container\">\n\t\t\t\t\t\t\t<p><span style=\"color: #000000\">El Seminario Internacional de Gr\u00e1fica Visual y Animaci\u00f3n (SIGVA) est\u00e1 organizado por el Centro de Investigaci\u00f3n en Artes (<a href=\"https:\/\/cia.umh.es\/\">CIA<\/a>) y el grupo de investigaci\u00f3n <a href=\"https:\/\/www.grupomassiva.com\/\">Massiva<\/a>. Se trata de un foro de encuentro para la investigaci\u00f3n, el debate, y la puesta en pr\u00e1ctica de la gr\u00e1fica contempor\u00e1nea y la animaci\u00f3n audiovisual. La ilustraci\u00f3n, el dise\u00f1o gr\u00e1fico, la animaci\u00f3n, o los nuevos medios y aplicaciones tecnol\u00f3gicas, entre otros, componen la diversidad de \u00e1reas en las que acad\u00e9micos y profesionales del sector, se aproximar\u00e1n a las diferentes corrientes y perspectivas del medio.<\/span><\/p><p><span style=\"color: #000000\"><strong>Objetivos:<\/strong><\/span><\/p><ul><li>&#8211; Investigar<span style=\"color: #000000\"> y analizar la diversidad de \u00e1reas, tendencias y aproximaciones referidas a la gr\u00e1fica visual y a la animaci\u00f3n.<\/span><\/li><li><span style=\"color: #000000\">&#8211; Impulsar el estudio y la pr\u00e1ctica de los procesos de producci\u00f3n creativos y t\u00e9cnicos relacionados con este campo.<\/span><\/li><li><span style=\"color: #000000\">&#8211; Fomentar el encuentro con profesionales y expertos del sector, as\u00ed como con investigadores y docentes dedicados al medio.<\/span><\/li><li><span style=\"color: #000000\">&#8211; Establecer sinergias de trabajo y redes de colaboraci\u00f3n con otras plataformas y proyectos afines a las l\u00edneas de investigaci\u00f3n del Seminario.<\/span><\/li><\/ul>\t\t\t\t\t\t<\/div>\n\t\t\t\t<\/div>\n\t\t\t\t<div class=\"elementor-element elementor-element-51fb5204 elementor-widget elementor-widget-image\" data-id=\"51fb5204\" data-element_type=\"widget\" data-widget_type=\"image.default\">\n\t\t\t\t<div class=\"elementor-widget-container\">\n\t\t\t\t\t\t\t\t\t\t\t\t\t\t\t<img width=\"236\" height=\"59\" src=\"https:\/\/seminariosigva.umh.es\/files\/revslider\/focus-parallax\/Nube1.png\" class=\"attachment-full size-full\" alt=\"\" loading=\"lazy\" \/>\t\t\t\t\t\t\t\t\t\t\t\t\t\t\t<\/div>\n\t\t\t\t<\/div>\n\t\t\t\t\t<\/div>\n\t\t<\/div>\n\t\t\t\t\t\t\t<\/div>\n\t\t<\/section>\n\t\t\t\t<section class=\"elementor-section elementor-top-section elementor-element elementor-element-1862db34 elementor-section-full_width elementor-section-height-full elementor-section-items-stretch elementor-section-stretched elementor-hidden-tablet elementor-hidden-phone elementor-section-height-default\" data-id=\"1862db34\" data-element_type=\"section\" data-settings=\"{&quot;stretch_section&quot;:&quot;section-stretched&quot;}\">\n\t\t\t\t\t\t\t<div class=\"elementor-background-overlay\"><\/div>\n\t\t\t\t\t\t\t<div class=\"elementor-container elementor-column-gap-no\">\n\t\t\t\t\t<div class=\"elementor-column elementor-col-100 elementor-top-column elementor-element elementor-element-cab71f7\" data-id=\"cab71f7\" data-element_type=\"column\">\n\t\t\t<div class=\"elementor-widget-wrap\">\n\t\t\t\t\t\t\t\t\t<\/div>\n\t\t<\/div>\n\t\t\t\t\t\t\t<\/div>\n\t\t<\/section>\n\t\t\t\t<section class=\"elementor-section elementor-top-section elementor-element elementor-element-fd37f5f elementor-hidden-tablet elementor-hidden-phone elementor-section-boxed elementor-section-height-default elementor-section-height-default\" data-id=\"fd37f5f\" data-element_type=\"section\">\n\t\t\t\t\t\t<div class=\"elementor-container elementor-column-gap-default\">\n\t\t\t\t\t<div class=\"elementor-column elementor-col-100 elementor-top-column elementor-element elementor-element-7fb05d73\" data-id=\"7fb05d73\" data-element_type=\"column\">\n\t\t\t<div class=\"elementor-widget-wrap elementor-element-populated\">\n\t\t\t\t\t\t\t\t<div class=\"elementor-element elementor-element-42862ea4 elementor-widget elementor-widget-image\" data-id=\"42862ea4\" data-element_type=\"widget\" data-widget_type=\"image.default\">\n\t\t\t\t<div class=\"elementor-widget-container\">\n\t\t\t\t\t\t\t\t\t\t\t\t\t\t\t<img width=\"768\" height=\"112\" src=\"https:\/\/seminariosigva.umh.es\/files\/revslider\/focus-parallax\/logos-SIGVA-768x112.png\" class=\"attachment-medium_large size-medium_large\" alt=\"\" loading=\"lazy\" \/>\t\t\t\t\t\t\t\t\t\t\t\t\t\t\t<\/div>\n\t\t\t\t<\/div>\n\t\t\t\t\t<\/div>\n\t\t<\/div>\n\t\t\t\t\t\t\t<\/div>\n\t\t<\/section>\n\t\t\t\t<section class=\"elementor-section elementor-top-section elementor-element elementor-element-2e38e3c4 elementor-hidden-desktop elementor-section-boxed elementor-section-height-default elementor-section-height-default\" data-id=\"2e38e3c4\" data-element_type=\"section\">\n\t\t\t\t\t\t<div class=\"elementor-container elementor-column-gap-default\">\n\t\t\t\t\t<div class=\"elementor-column elementor-col-100 elementor-top-column elementor-element elementor-element-c41f883 elementor-hidden-desktop\" data-id=\"c41f883\" data-element_type=\"column\">\n\t\t\t<div class=\"elementor-widget-wrap elementor-element-populated\">\n\t\t\t\t\t\t\t\t<div class=\"elementor-element elementor-element-25519ea5 elementor-hidden-desktop elementor-widget elementor-widget-heading\" data-id=\"25519ea5\" data-element_type=\"widget\" data-widget_type=\"heading.default\">\n\t\t\t\t<div class=\"elementor-widget-container\">\n\t\t\t<h1 class=\"elementor-heading-title elementor-size-default\">Seminario Internacional <br>de \nGr\u00e1fica Visual y Animaci\u00f3n (SIGVA)<\/h1>\t\t<\/div>\n\t\t\t\t<\/div>\n\t\t\t\t<div class=\"elementor-element elementor-element-50e5df3 elementor-widget elementor-widget-image\" data-id=\"50e5df3\" data-element_type=\"widget\" data-widget_type=\"image.default\">\n\t\t\t\t<div class=\"elementor-widget-container\">\n\t\t\t\t\t\t\t\t\t\t\t\t\t\t\t<img width=\"61\" height=\"22\" src=\"https:\/\/seminariosigva.umh.es\/files\/revslider\/focus-parallax\/Pajaro.png\" class=\"attachment-medium_large size-medium_large\" alt=\"\" loading=\"lazy\" \/>\t\t\t\t\t\t\t\t\t\t\t\t\t\t\t<\/div>\n\t\t\t\t<\/div>\n\t\t\t\t<div class=\"elementor-element elementor-element-529c8876 elementor-hidden-desktop elementor-widget elementor-widget-text-editor\" data-id=\"529c8876\" data-element_type=\"widget\" data-widget_type=\"text-editor.default\">\n\t\t\t\t<div class=\"elementor-widget-container\">\n\t\t\t\t\t\t\t<p><span style=\"color: #000000\">El Seminario Internacional de Gr\u00e1fica Visual y Animaci\u00f3n (SIGVA) est\u00e1 organizado por el Centro de Investigaci\u00f3n en Artes (<a href=\"https:\/\/cia.umh.es\/\">CIA<\/a>) y el grupo de investigaci\u00f3n <a href=\"https:\/\/www.grupomassiva.com\/\">Massiva<\/a>. Se trata de un foro de encuentro para la investigaci\u00f3n, el debate, y la puesta en pr\u00e1ctica de la gr\u00e1fica contempor\u00e1nea y la animaci\u00f3n audiovisual. La ilustraci\u00f3n, el dise\u00f1o gr\u00e1fico, la animaci\u00f3n, o los nuevos medios y aplicaciones tecnol\u00f3gicas, entre otros, componen la diversidad de \u00e1reas en las que acad\u00e9micos y profesionales del sector, se aproximar\u00e1n a las diferentes corrientes y perspectivas del medio.<\/span><\/p><p><span style=\"color: #000000\"><strong>Objetivos:<\/strong><\/span><\/p><ul><li>&#8211; Investigar<span style=\"color: #000000\"> y analizar la diversidad de \u00e1reas, tendencias y aproximaciones referidas a la gr\u00e1fica visual y a la animaci\u00f3n.<\/span><\/li><li><span style=\"color: #000000\">&#8211; Impulsar el estudio y la pr\u00e1ctica de los procesos de producci\u00f3n creativos y t\u00e9cnicos relacionados con este campo.<\/span><\/li><li><span style=\"color: #000000\">&#8211; Fomentar el encuentro con profesionales y expertos del sector, as\u00ed como con investigadores y docentes dedicados al medio.<\/span><\/li><li><span style=\"color: #000000\">&#8211; Establecer sinergias de trabajo y redes de colaboraci\u00f3n con otras plataformas y proyectos afines a las l\u00edneas de investigaci\u00f3n del Seminario.<\/span><\/li><\/ul>\t\t\t\t\t\t<\/div>\n\t\t\t\t<\/div>\n\t\t\t\t<div class=\"elementor-element elementor-element-1809e7ff elementor-widget elementor-widget-image\" data-id=\"1809e7ff\" data-element_type=\"widget\" data-widget_type=\"image.default\">\n\t\t\t\t<div class=\"elementor-widget-container\">\n\t\t\t\t\t\t\t\t\t\t\t\t\t\t\t<img width=\"165\" height=\"39\" src=\"https:\/\/seminariosigva.umh.es\/files\/revslider\/focus-parallax\/Nube2.png\" class=\"attachment-full size-full\" alt=\"\" loading=\"lazy\" \/>\t\t\t\t\t\t\t\t\t\t\t\t\t\t\t<\/div>\n\t\t\t\t<\/div>\n\t\t\t\t<div class=\"elementor-element elementor-element-1af1fa8c elementor-widget elementor-widget-image\" data-id=\"1af1fa8c\" data-element_type=\"widget\" data-widget_type=\"image.default\">\n\t\t\t\t<div class=\"elementor-widget-container\">\n\t\t\t\t\t\t\t\t\t\t\t\t\t\t\t<img width=\"768\" height=\"112\" src=\"https:\/\/seminariosigva.umh.es\/files\/revslider\/focus-parallax\/logos-SIGVA-768x112.png\" class=\"attachment-medium_large size-medium_large\" alt=\"\" loading=\"lazy\" \/>\t\t\t\t\t\t\t\t\t\t\t\t\t\t\t<\/div>\n\t\t\t\t<\/div>\n\t\t\t\t\t<\/div>\n\t\t<\/div>\n\t\t\t\t\t\t\t<\/div>\n\t\t<\/section>\n\t\t\t\t\t\t<\/div>\n\t\t\t\t\t<\/div>\n\t\t","protected":false},"excerpt":{"rendered":"<p>Seminario Internacional de<br \/>\nGr\u00e1fica Visual y Animaci\u00f3n (SIGVA)<br \/>\nEl Seminario Internacional de Gr\u00e1fica Visual y Animaci\u00f3n (SIGVA) est\u00e1 organizado por el Centro de Investigaci\u00f3n en Artes (CIA) y el grupo de investigaci\u00f3n Massiva. Se trata de un foro de encuentro para la investigaci\u00f3n, el debate, y la puesta en pr\u00e1ctica de la gr\u00e1fica contempor\u00e1nea y la animaci\u00f3n [&#8230;]<\/p>\n","protected":false},"author":5001,"featured_media":0,"parent":0,"menu_order":0,"comment_status":"closed","ping_status":"closed","template":"elementor_header_footer","meta":{"_et_pb_use_builder":"","_et_pb_old_content":"","_et_gb_content_width":"","_links_to":"","_links_to_target":""},"_links":{"self":[{"href":"https:\/\/seminariosigva.umh.es\/ca\/wp-json\/wp\/v2\/pages\/2698"}],"collection":[{"href":"https:\/\/seminariosigva.umh.es\/ca\/wp-json\/wp\/v2\/pages"}],"about":[{"href":"https:\/\/seminariosigva.umh.es\/ca\/wp-json\/wp\/v2\/types\/page"}],"author":[{"embeddable":true,"href":"https:\/\/seminariosigva.umh.es\/ca\/wp-json\/wp\/v2\/users\/5001"}],"replies":[{"embeddable":true,"href":"https:\/\/seminariosigva.umh.es\/ca\/wp-json\/wp\/v2\/comments?post=2698"}],"version-history":[{"count":0,"href":"https:\/\/seminariosigva.umh.es\/ca\/wp-json\/wp\/v2\/pages\/2698\/revisions"}],"wp:attachment":[{"href":"https:\/\/seminariosigva.umh.es\/ca\/wp-json\/wp\/v2\/media?parent=2698"}],"curies":[{"name":"wp","href":"https:\/\/api.w.org\/{rel}","templated":true}]}}