{"id":2695,"date":"2023-03-02T11:26:00","date_gmt":"2023-03-02T10:26:00","guid":{"rendered":"https:\/\/seminariosigva.umh.es\/inscripcion-2\/"},"modified":"2026-02-27T13:54:29","modified_gmt":"2026-02-27T12:54:29","slug":"inscripcion","status":"publish","type":"page","link":"https:\/\/seminariosigva.umh.es\/ca\/inscripcion\/","title":{"rendered":"INSCRIPCI\u00d3N"},"content":{"rendered":"\t\t<div data-elementor-type=\"wp-page\" data-elementor-id=\"2695\" class=\"elementor elementor-2695\" data-elementor-settings=\"[]\">\n\t\t\t\t\t\t\t<div class=\"elementor-section-wrap\">\n\t\t\t\t\t\t\t<section class=\"elementor-section elementor-top-section elementor-element elementor-element-1a0abc89 elementor-section-boxed elementor-section-height-default elementor-section-height-default\" data-id=\"1a0abc89\" data-element_type=\"section\">\n\t\t\t\t\t\t<div class=\"elementor-container elementor-column-gap-default\">\n\t\t\t\t\t<div class=\"elementor-column elementor-col-100 elementor-top-column elementor-element elementor-element-6ada80c\" data-id=\"6ada80c\" data-element_type=\"column\" data-settings=\"{&quot;background_background&quot;:&quot;classic&quot;}\">\n\t\t\t<div class=\"elementor-widget-wrap elementor-element-populated\">\n\t\t\t\t\t<div class=\"elementor-background-overlay\"><\/div>\n\t\t\t\t\t\t\t\t<div class=\"elementor-element elementor-element-450ec949 elementor-widget elementor-widget-spacer\" data-id=\"450ec949\" data-element_type=\"widget\" data-widget_type=\"spacer.default\">\n\t\t\t\t<div class=\"elementor-widget-container\">\n\t\t\t\t\t<div class=\"elementor-spacer\">\n\t\t\t<div class=\"elementor-spacer-inner\"><\/div>\n\t\t<\/div>\n\t\t\t\t<\/div>\n\t\t\t\t<\/div>\n\t\t\t\t<div class=\"elementor-element elementor-element-3ff53f4e elementor-widget elementor-widget-heading\" data-id=\"3ff53f4e\" data-element_type=\"widget\" data-widget_type=\"heading.default\">\n\t\t\t\t<div class=\"elementor-widget-container\">\n\t\t\t<h2 class=\"elementor-heading-title elementor-size-default\">INSCRIPCI\u00d3N<\/h2>\t\t<\/div>\n\t\t\t\t<\/div>\n\t\t\t\t<div class=\"elementor-element elementor-element-64c15492 elementor-widget elementor-widget-spacer\" data-id=\"64c15492\" data-element_type=\"widget\" data-widget_type=\"spacer.default\">\n\t\t\t\t<div class=\"elementor-widget-container\">\n\t\t\t\t\t<div class=\"elementor-spacer\">\n\t\t\t<div class=\"elementor-spacer-inner\"><\/div>\n\t\t<\/div>\n\t\t\t\t<\/div>\n\t\t\t\t<\/div>\n\t\t\t\t<section class=\"elementor-section elementor-inner-section elementor-element elementor-element-5f880c97 elementor-section-full_width elementor-section-height-default elementor-section-height-default\" data-id=\"5f880c97\" data-element_type=\"section\">\n\t\t\t\t\t\t<div class=\"elementor-container elementor-column-gap-extended\">\n\t\t\t\t\t<div class=\"elementor-column elementor-col-100 elementor-inner-column elementor-element elementor-element-21a01d0e\" data-id=\"21a01d0e\" data-element_type=\"column\" data-settings=\"{&quot;background_background&quot;:&quot;classic&quot;}\">\n\t\t\t<div class=\"elementor-widget-wrap elementor-element-populated\">\n\t\t\t\t\t\t\t\t<div class=\"elementor-element elementor-element-53676abb elementor-widget elementor-widget-text-editor\" data-id=\"53676abb\" data-element_type=\"widget\" data-widget_type=\"text-editor.default\">\n\t\t\t\t<div class=\"elementor-widget-container\">\n\t\t\t\t\t\t\t<p style=\"text-align: center\"><span style=\"color: #000000\"><strong>PONENCIAS<\/strong><\/span><\/p><p style=\"text-align: center\"><span style=\"color: #000000\"><em>Acceso gratuito hasta completar aforo.<\/em><\/span><\/p><p style=\"text-align: center\"><span style=\"color: #000000\">Lugar: <b>Facultad de Bellas Artes de Altea<\/b><\/span><\/p><p style=\"text-align: center\"><span style=\"color: #000000\">Fecha\/horario: <strong>16 de marzo de 2026 11:00h a 14:00h<\/strong>.<\/span><\/p><p style=\"text-align: center\"><span style=\"color: #000000\"><strong>AFORO LIMITADO<\/strong><\/span><\/p>\t\t\t\t\t\t<\/div>\n\t\t\t\t<\/div>\n\t\t\t\t\t<\/div>\n\t\t<\/div>\n\t\t\t\t\t\t\t<\/div>\n\t\t<\/section>\n\t\t\t\t<section class=\"elementor-section elementor-inner-section elementor-element elementor-element-f685cd3 elementor-section-full_width elementor-hidden-desktop elementor-hidden-tablet elementor-hidden-mobile elementor-section-height-default elementor-section-height-default\" data-id=\"f685cd3\" data-element_type=\"section\">\n\t\t\t\t\t\t<div class=\"elementor-container elementor-column-gap-extended\">\n\t\t\t\t\t<div class=\"elementor-column elementor-col-50 elementor-inner-column elementor-element elementor-element-81ad6b4\" data-id=\"81ad6b4\" data-element_type=\"column\" data-settings=\"{&quot;background_background&quot;:&quot;classic&quot;}\">\n\t\t\t<div class=\"elementor-widget-wrap elementor-element-populated\">\n\t\t\t\t\t\t\t\t<div class=\"elementor-element elementor-element-3a23f29 elementor-widget elementor-widget-text-editor\" data-id=\"3a23f29\" data-element_type=\"widget\" data-widget_type=\"text-editor.default\">\n\t\t\t\t<div class=\"elementor-widget-container\">\n\t\t\t\t\t\t\t<p style=\"text-align: center\"><span style=\"color: #000000\"><strong>PONENCIAS<\/strong><\/span><\/p><p style=\"text-align: center\"><span style=\"color: #000000\"><em>Acceso gratuito hasta completar aforo.<\/em><\/span><\/p><p style=\"text-align: center\"><span style=\"color: #000000\">Lugar: <strong>Escenario LAB (Edificio Innova)<\/strong><\/span> <a href=\"http:\/\/universite.umh.es\/localizaciones\/?selT=edificios&amp;selI=E24\">(ver mapa)<\/a>.<\/p><p style=\"text-align: center\"><span style=\"color: #000000\">Fecha\/horario: <strong>6 de marzo de 16:00h a 18:00h<\/strong>.<\/span><\/p><p style=\"text-align: center\"><span style=\"color: #000000\">Reserva previa obligatoria a trav\u00e9s del enlace:<\/span><\/p><p style=\"text-align: center\"><span style=\"color: #000000\"><strong>AFORO COMPLETO<\/strong><\/span><\/p>\t\t\t\t\t\t<\/div>\n\t\t\t\t<\/div>\n\t\t\t\t\t<\/div>\n\t\t<\/div>\n\t\t\t\t<div class=\"elementor-column elementor-col-50 elementor-inner-column elementor-element elementor-element-8bdbe06\" data-id=\"8bdbe06\" data-element_type=\"column\" data-settings=\"{&quot;background_background&quot;:&quot;classic&quot;}\">\n\t\t\t<div class=\"elementor-widget-wrap elementor-element-populated\">\n\t\t\t\t\t\t\t\t<div class=\"elementor-element elementor-element-becbb41 elementor-widget elementor-widget-text-editor\" data-id=\"becbb41\" data-element_type=\"widget\" data-widget_type=\"text-editor.default\">\n\t\t\t\t<div class=\"elementor-widget-container\">\n\t\t\t\t\t\t\t<p style=\"text-align: center\"><strong>WORKSHOP (CFP)<\/strong><\/p>\n<p style=\"text-align: center\">El estudiantado que se matricule en el Workshop podr\u00e1 seguir las ponencias por streaming en directo.<\/p>\n<p style=\"text-align: center\"><i>Precio \u00fanico para estudiantes<\/i><i> UMH y asistentes externos: <strong>27,60 \u20ac<\/strong><\/i><\/p>\n<p style=\"text-align: center\">Lugar: <strong>Aula de Inform\u00e1tica (Aula MAC) del edificio Albir del Campus de Altea (Facultad de Bellas Artes de la UMH) <a href=\"https:\/\/www.google.com\/maps\/place\/Universidad+Miguel+Hern\u00e1ndez+-+Facultad+de+Bellas+Artes\/@38.59964,-0.0617266,17z\/data=!3m1!4b1!4m6!3m5!1s0xd62016d6937f199:0x1747f9958a8fd0d8!8m2!3d38.5996359!4d-0.0568557!16s%2Fg%2F11g8wx9s4k?entry=ttu\">(ver mapa)<\/a>.<\/strong><\/p>\n<p style=\"text-align: center\"><strong>20 plazas m\u00e1ximo\/Presencial<\/strong><\/p>\n<p style=\"text-align: center\"><span style=\"color: #000000\"><span style=\"color: #000000\"><b>AFORO COMPLETO<\/b><\/span><\/span><\/p>\n<p style=\"text-align: center\"><strong>PLAZO L\u00cdMITE DE INSCRIPCI\u00d3N HASTA EL 4 DE MARZO<\/strong><\/p>\n<p style=\"text-align: center\">Fecha\/horario:<\/p>\n<p style=\"text-align: center\"><strong>8 de marzo de 09:00h a 14:00h. y de 15:00h a 20:00h.<\/strong><\/p>\n<p style=\"text-align: center\"><em>Para la realizaci\u00f3n del Workshop (CFP), el estudiantado tendr\u00e1 que traer consigo libreta, l\u00e1piz de grafito y goma de borrar (obligatoriamente); y una tablet (opcionalmente).<\/em><\/p>\t\t\t\t\t\t<\/div>\n\t\t\t\t<\/div>\n\t\t\t\t\t<\/div>\n\t\t<\/div>\n\t\t\t\t\t\t\t<\/div>\n\t\t<\/section>\n\t\t\t\t<section class=\"elementor-section elementor-inner-section elementor-element elementor-element-410b0d0 elementor-section-full_width elementor-hidden-desktop elementor-hidden-tablet elementor-hidden-mobile elementor-section-height-default elementor-section-height-default\" data-id=\"410b0d0\" data-element_type=\"section\">\n\t\t\t\t\t\t<div class=\"elementor-container elementor-column-gap-extended\">\n\t\t\t\t\t<div class=\"elementor-column elementor-col-100 elementor-inner-column elementor-element elementor-element-ca5b788\" data-id=\"ca5b788\" data-element_type=\"column\" data-settings=\"{&quot;background_background&quot;:&quot;classic&quot;}\">\n\t\t\t<div class=\"elementor-widget-wrap elementor-element-populated\">\n\t\t\t\t\t\t\t\t<div class=\"elementor-element elementor-element-31639c5 elementor-widget elementor-widget-text-editor\" data-id=\"31639c5\" data-element_type=\"widget\" data-widget_type=\"text-editor.default\">\n\t\t\t\t<div class=\"elementor-widget-container\">\n\t\t\t\t\t\t\t<p style=\"text-align: center\"><strong>El pago de la inscripci\u00f3n al Workshop debe realizarse a trav\u00e9s del siguiente enlace:<\/strong><\/p><p style=\"text-align: center\"><b>AFORO COMPLETO<\/b><\/p>\t\t\t\t\t\t<\/div>\n\t\t\t\t<\/div>\n\t\t\t\t\t<\/div>\n\t\t<\/div>\n\t\t\t\t\t\t\t<\/div>\n\t\t<\/section>\n\t\t\t\t<div class=\"elementor-element elementor-element-705a0676 elementor-widget elementor-widget-spacer\" data-id=\"705a0676\" data-element_type=\"widget\" data-widget_type=\"spacer.default\">\n\t\t\t\t<div class=\"elementor-widget-container\">\n\t\t\t\t\t<div class=\"elementor-spacer\">\n\t\t\t<div class=\"elementor-spacer-inner\"><\/div>\n\t\t<\/div>\n\t\t\t\t<\/div>\n\t\t\t\t<\/div>\n\t\t\t\t<div class=\"elementor-element elementor-element-3d95e885 elementor-hidden-desktop elementor-hidden-tablet elementor-hidden-mobile elementor-widget elementor-widget-text-editor\" data-id=\"3d95e885\" data-element_type=\"widget\" data-widget_type=\"text-editor.default\">\n\t\t\t\t<div class=\"elementor-widget-container\">\n\t\t\t\t\t\t\t<div dir=\"ltr\">Una vez desplegado el bot\u00f3n <strong>\u00abTipo de ense\u00f1anza\u00bb<\/strong>, seleccione <strong>\u00abCERTIFICADO DE FORMACI\u00d3N PERMANENTE\u00bb<\/strong>, y en <strong>\u00abEnse\u00f1anza\u00bb<\/strong>, marque <strong>\u00abGR\u00c1FICA VISUAL Y ANIMACI\u00d3N. III EDICI\u00d3N\u00bb<\/strong>.<\/div><div dir=\"ltr\"><div>\u00a0<\/div><\/div><p>Obtendr\u00e1 un recibo cuyo importe podr\u00e1 abonar a trav\u00e9s de la Web, o imprimirlo y pagarlo en las entidades bancarias indicadas.<\/p><p>El plazo de inscripci\u00f3n y pago estar\u00e1 abierto el <strong>23 de febrero<\/strong>.<\/p><div><strong>El estudiantado que realice el Workshop (Certificado de Formaci\u00f3n Permanente), obtendr\u00e1 un certificado, con el reconocimiento de 1 ECTS de libre configuraci\u00f3n.<\/strong><\/div><div>\u00a0<\/div><p>Para m\u00e1s informaci\u00f3n:<\/p><p><a href=\"mailto:elisa.martinezm@umh.es\">elisa.martinezm@umh.es<\/a> \/ <a href=\"mailto:fcuellar@umh.es\">fcuellar@umh.es<\/a><\/p>\t\t\t\t\t\t<\/div>\n\t\t\t\t<\/div>\n\t\t\t\t<div class=\"elementor-element elementor-element-724d59f0 elementor-widget-divider--separator-type-pattern elementor-widget-divider--no-spacing elementor-widget-divider--view-line elementor-widget elementor-widget-divider\" data-id=\"724d59f0\" data-element_type=\"widget\" data-widget_type=\"divider.default\">\n\t\t\t\t<div class=\"elementor-widget-container\">\n\t\t\t\t\t<div class=\"elementor-divider\" style=\"--divider-pattern-url: url(&quot;data:image\/svg+xml,%3Csvg xmlns=&#039;http:\/\/www.w3.org\/2000\/svg&#039; preserveAspectRatio=&#039;xMidYMid meet&#039; overflow=&#039;visible&#039; height=&#039;100%&#039; viewBox=&#039;0 0 126 26&#039; fill=&#039;black&#039; stroke=&#039;none&#039;%3E%3Cpath d=&#039;M3,10.2c2.6,0,2.6,2,2.6,3.2S4.4,16.5,3,16.5s-3-1.4-3-3.2S0.4,10.2,3,10.2z M18.8,10.2c1.7,0,3.2,1.4,3.2,3.2s-1.4,3.2-3.2,3.2c-1.7,0-3.2-1.4-3.2-3.2S17,10.2,18.8,10.2z M34.6,10.2c1.5,0,2.6,1.4,2.6,3.2s-0.5,3.2-1.9,3.2c-1.5,0-3.4-1.4-3.4-3.2S33.1,10.2,34.6,10.2z M50.5,10.2c1.7,0,3.2,1.4,3.2,3.2s-1.4,3.2-3.2,3.2c-1.7,0-3.3-0.9-3.3-2.6S48.7,10.2,50.5,10.2z M66.2,10.2c1.5,0,3.4,1.4,3.4,3.2s-1.9,3.2-3.4,3.2c-1.5,0-2.6-0.4-2.6-2.1S64.8,10.2,66.2,10.2z M82.2,10.2c1.7,0.8,2.6,1.4,2.6,3.2s-0.1,3.2-1.6,3.2c-1.5,0-3.7-1.4-3.7-3.2S80.5,9.4,82.2,10.2zM98.6,10.2c1.5,0,2.6,0.4,2.6,2.1s-1.2,4.2-2.6,4.2c-1.5,0-3.7-0.4-3.7-2.1S97.1,10.2,98.6,10.2z M113.4,10.2c1.2,0,2.2,0.9,2.2,3.2s-0.1,3.2-1.3,3.2s-3.1-1.4-3.1-3.2S112.2,10.2,113.4,10.2z&#039;\/%3E%3C\/svg%3E&quot;);\">\n\t\t\t<span class=\"elementor-divider-separator\">\n\t\t\t\t\t\t<\/span>\n\t\t<\/div>\n\t\t\t\t<\/div>\n\t\t\t\t<\/div>\n\t\t\t\t<div class=\"elementor-element elementor-element-f8b26 elementor-hidden-desktop elementor-hidden-tablet elementor-hidden-mobile elementor-widget elementor-widget-text-editor\" data-id=\"f8b26\" data-element_type=\"widget\" data-widget_type=\"text-editor.default\">\n\t\t\t\t<div class=\"elementor-widget-container\">\n\t\t\t\t\t\t\t<p><strong>Te recordamos las siguientes medidas para evitar la propagaci\u00f3n de la COVID-19:<\/strong><\/p><p>\u00a0<\/p><p>\u2013 La utilizaci\u00f3n de la mascarilla es obligatoria durante todo el evento; es importante que la llevemos colocada correctamente tapando nariz, ment\u00f3n y boca. Te recomendamos el uso espec\u00edfico de mascarilla quir\u00fargica para mayor seguridad.<br \/>\u2013 L\u00e1vate las manos con frecuencia y utiliza el gel hidroalcoh\u00f3lico.<br \/>\u2013 Mant\u00e9n la distancia de seguridad con el resto de personas tanto en el interior del auditorio como en el exterior, evitando formar grupos en la entrada del recinto.<br \/>\u2013 Intenta no tocarte los ojos, la nariz ni la boca en la medida de lo posible.<br \/>\u2013 Recuerda no realizar saludos que conlleven contacto f\u00edsico.<br \/>\u2013 En caso de dar positivo por COVID-19 o haber estado con alg\u00fan contacto estrecho 48 horas antes del evento, se deber\u00e1 avisar a la organizaci\u00f3n.<br \/>\u2013 Si no te encuentras bien, tienes s\u00edntomas o has tenido contacto directo con alguien positivo en COVID-19, qu\u00e9date en casa.<\/p>\t\t\t\t\t\t<\/div>\n\t\t\t\t<\/div>\n\t\t\t\t<div class=\"elementor-element elementor-element-d005b68 elementor-widget elementor-widget-spacer\" data-id=\"d005b68\" data-element_type=\"widget\" data-widget_type=\"spacer.default\">\n\t\t\t\t<div class=\"elementor-widget-container\">\n\t\t\t\t\t<div class=\"elementor-spacer\">\n\t\t\t<div class=\"elementor-spacer-inner\"><\/div>\n\t\t<\/div>\n\t\t\t\t<\/div>\n\t\t\t\t<\/div>\n\t\t\t\t\t<\/div>\n\t\t<\/div>\n\t\t\t\t\t\t\t<\/div>\n\t\t<\/section>\n\t\t\t\t<section class=\"elementor-section elementor-top-section elementor-element elementor-element-141a36d5 elementor-section-boxed elementor-section-height-default elementor-section-height-default\" data-id=\"141a36d5\" data-element_type=\"section\">\n\t\t\t\t\t\t<div class=\"elementor-container elementor-column-gap-default\">\n\t\t\t\t\t<div class=\"elementor-column elementor-col-100 elementor-top-column elementor-element elementor-element-3a7b68e7\" data-id=\"3a7b68e7\" data-element_type=\"column\">\n\t\t\t<div class=\"elementor-widget-wrap elementor-element-populated\">\n\t\t\t\t\t\t\t\t<div class=\"elementor-element elementor-element-7e3ba0f5 elementor-widget elementor-widget-image\" data-id=\"7e3ba0f5\" data-element_type=\"widget\" data-widget_type=\"image.default\">\n\t\t\t\t<div class=\"elementor-widget-container\">\n\t\t\t\t\t\t\t\t\t\t\t\t\t\t\t<img width=\"768\" height=\"112\" src=\"https:\/\/seminariosigva.umh.es\/files\/revslider\/focus-parallax\/logos-SIGVA-768x112.png\" class=\"attachment-medium_large size-medium_large\" alt=\"\" loading=\"lazy\" \/>\t\t\t\t\t\t\t\t\t\t\t\t\t\t\t<\/div>\n\t\t\t\t<\/div>\n\t\t\t\t\t<\/div>\n\t\t<\/div>\n\t\t\t\t\t\t\t<\/div>\n\t\t<\/section>\n\t\t\t\t\t\t<\/div>\n\t\t\t\t\t<\/div>\n\t\t","protected":false},"excerpt":{"rendered":"<p>INSCRIPCI\u00d3N<br \/>\nPONENCIAS<br \/>\nAcceso gratuito hasta completar aforo.<br \/>\nLugar: Facultad de Bellas Artes de Altea<br \/>\nFecha\/horario: 16 de marzo de 2026 11:00h a 14:00h.<br \/>\nAFORO LIMITADO<br \/>\nPONENCIAS<br \/>\nAcceso gratuito hasta completar aforo.<br \/>\nLugar: Escenario LAB (Edificio Innova) (ver mapa).<br \/>\nFecha\/horario: 6 de marzo de 16:00h a 18:00h.<br \/>\nReserva previa obligatoria a trav\u00e9s del enlace:<br \/>\nAFORO COMPLETO<br \/>\nWORKSHOP (CFP)<br \/>\nEl estudiantado que se matricule en el Workshop podr\u00e1 seguir las [&#8230;]<\/p>\n","protected":false},"author":5001,"featured_media":0,"parent":0,"menu_order":0,"comment_status":"closed","ping_status":"closed","template":"elementor_header_footer","meta":{"_et_pb_use_builder":"","_et_pb_old_content":"","_et_gb_content_width":"","_links_to":"","_links_to_target":""},"_links":{"self":[{"href":"https:\/\/seminariosigva.umh.es\/ca\/wp-json\/wp\/v2\/pages\/2695"}],"collection":[{"href":"https:\/\/seminariosigva.umh.es\/ca\/wp-json\/wp\/v2\/pages"}],"about":[{"href":"https:\/\/seminariosigva.umh.es\/ca\/wp-json\/wp\/v2\/types\/page"}],"author":[{"embeddable":true,"href":"https:\/\/seminariosigva.umh.es\/ca\/wp-json\/wp\/v2\/users\/5001"}],"replies":[{"embeddable":true,"href":"https:\/\/seminariosigva.umh.es\/ca\/wp-json\/wp\/v2\/comments?post=2695"}],"version-history":[{"count":0,"href":"https:\/\/seminariosigva.umh.es\/ca\/wp-json\/wp\/v2\/pages\/2695\/revisions"}],"wp:attachment":[{"href":"https:\/\/seminariosigva.umh.es\/ca\/wp-json\/wp\/v2\/media?parent=2695"}],"curies":[{"name":"wp","href":"https:\/\/api.w.org\/{rel}","templated":true}]}}